{"id":381,"date":"2024-06-16T16:46:19","date_gmt":"2024-06-16T14:46:19","guid":{"rendered":"https:\/\/propriano-port.cci.corsica\/?page_id=381"},"modified":"2024-11-15T10:00:27","modified_gmt":"2024-11-15T09:00:27","slug":"missions","status":"publish","type":"page","link":"https:\/\/propriano-port.cci.corsica\/en\/missions\/","title":{"rendered":"Our missions"},"content":{"rendered":"<div data-elementor-type=\"wp-page\" data-elementor-id=\"381\" class=\"elementor elementor-381\" data-elementor-post-type=\"page\">\n\t\t\t\t<div class=\"elementor-element elementor-element-ca97088 e-flex e-con-boxed e-con e-parent\" data-id=\"ca97088\" data-element_type=\"container\">\n\t\t\t\t\t<div class=\"e-con-inner\">\n\t\t\t\t<div class=\"elementor-element elementor-element-bb2e6d5 elementor-widget elementor-widget-image\" data-id=\"bb2e6d5\" data-element_type=\"widget\" data-widget_type=\"image.default\">\n\t\t\t\t<div class=\"elementor-widget-container\">\n\t\t\t\t\t\t\t\t\t\t\t\t\t\t\t<img fetchpriority=\"high\" decoding=\"async\" width=\"1920\" height=\"1438\" src=\"https:\/\/propriano-port.cci.corsica\/wp-content\/uploads\/sites\/11\/2024\/07\/nos-missions.jpg\" class=\"attachment-full size-full wp-image-609\" alt=\"Vue a\u00e9rienne du port de Propriano avec un navire de la Corsica Linea\" srcset=\"https:\/\/propriano-port.cci.corsica\/wp-content\/uploads\/sites\/11\/2024\/07\/nos-missions.jpg 1920w, https:\/\/propriano-port.cci.corsica\/wp-content\/uploads\/sites\/11\/2024\/07\/nos-missions-300x225.jpg 300w, https:\/\/propriano-port.cci.corsica\/wp-content\/uploads\/sites\/11\/2024\/07\/nos-missions-1024x767.jpg 1024w, https:\/\/propriano-port.cci.corsica\/wp-content\/uploads\/sites\/11\/2024\/07\/nos-missions-768x575.jpg 768w, https:\/\/propriano-port.cci.corsica\/wp-content\/uploads\/sites\/11\/2024\/07\/nos-missions-1536x1150.jpg 1536w, https:\/\/propriano-port.cci.corsica\/wp-content\/uploads\/sites\/11\/2024\/07\/nos-missions-16x12.jpg 16w\" sizes=\"(max-width: 1920px) 100vw, 1920px\" \/>\t\t\t\t\t\t\t\t\t\t\t\t\t\t\t<\/div>\n\t\t\t\t<\/div>\n\t\t\t\t<div class=\"elementor-element elementor-element-4bc634fd elementor-widget elementor-widget-heading\" data-id=\"4bc634fd\" data-element_type=\"widget\" data-widget_type=\"heading.default\">\n\t\t\t\t<div class=\"elementor-widget-container\">\n\t\t\t\t\t<h2 class=\"elementor-heading-title elementor-size-default\">Les 4 missions essentielles\n<\/h2>\t\t\t\t<\/div>\n\t\t\t\t<\/div>\n\t\t\t\t<div class=\"elementor-element elementor-element-e5e9bf6 elementor-cta--skin-cover elementor-widget elementor-widget-call-to-action\" data-id=\"e5e9bf6\" data-element_type=\"widget\" data-widget_type=\"call-to-action.default\">\n\t\t\t\t<div class=\"elementor-widget-container\">\n\t\t\t\t\t\t\t<div class=\"elementor-cta\">\n\t\t\t\t\t<div class=\"elementor-cta__bg-wrapper\">\n\t\t\t\t<div class=\"elementor-cta__bg elementor-bg\" style=\"background-image: url();\" role=\"img\" aria-label=\"\"><\/div>\n\t\t\t\t<div class=\"elementor-cta__bg-overlay\"><\/div>\n\t\t\t<\/div>\n\t\t\t\t\t\t\t<div class=\"elementor-cta__content\">\n\t\t\t\t\n\t\t\t\t\t\t\t\t\t<h3 class=\"elementor-cta__title elementor-cta__content-item elementor-content-item\">\n\t\t\t\t\t\tAccueillir\t\t\t\t\t<\/h3>\n\t\t\t\t\n\t\t\t\t\t\t\t\t\t<div class=\"elementor-cta__description elementor-cta__content-item elementor-content-item\">\n\t\t\t\t\t\tLa Chambre de Commerce et d'Industrie de Corse n\u2019a de cesse d\u2019am\u00e9liorer les conditions d\u2019accueil des passagers et des v\u00e9hicules. Pour ce faire, elle organise la gestion des flux tant au niveau des v\u00e9hicules qu\u2019au niveau des passagers pi\u00e9tons.\nPour cela, elle met en place des services, des infrastructures et des superstructures tels que : des terminaux maritimes, des parkings, une navette gratuite, un point information, des \u00e9quipements \u00e0 messagerie variable pour la signalisation\u2026.<br>\n\t\t\t\t\t<\/div>\n\t\t\t\t\n\t\t\t\t\t\t\t<\/div>\n\t\t\t\t\t\t<\/div>\n\t\t\t\t\t\t<\/div>\n\t\t\t\t<\/div>\n\t\t\t\t<div class=\"elementor-element elementor-element-a4cb032 elementor-cta--skin-cover elementor-widget elementor-widget-call-to-action\" data-id=\"a4cb032\" data-element_type=\"widget\" data-widget_type=\"call-to-action.default\">\n\t\t\t\t<div class=\"elementor-widget-container\">\n\t\t\t\t\t\t\t<div class=\"elementor-cta\">\n\t\t\t\t\t<div class=\"elementor-cta__bg-wrapper\">\n\t\t\t\t<div class=\"elementor-cta__bg elementor-bg\" style=\"background-image: url();\" role=\"img\" aria-label=\"\"><\/div>\n\t\t\t\t<div class=\"elementor-cta__bg-overlay\"><\/div>\n\t\t\t<\/div>\n\t\t\t\t\t\t\t<div class=\"elementor-cta__content\">\n\t\t\t\t\n\t\t\t\t\t\t\t\t\t<h3 class=\"elementor-cta__title elementor-cta__content-item elementor-content-item\">\n\t\t\t\t\t\tG\u00e9rer\t\t\t\t\t<\/h3>\n\t\t\t\t\n\t\t\t\t\t\t\t\t\t<div class=\"elementor-cta__description elementor-cta__content-item elementor-content-item\">\n\t\t\t\t\t\tLa Chambre de Commerce et d'Industrie de Corse assure la gestion du domaine public,  \u00e0 l\u2019int\u00e9rieur du p\u00e9rim\u00e8tre conc\u00e9d\u00e9. Les missions sont les suivantes : la r\u00e9alisation, l\u2019entretien, le renouvellement, l\u2019exploitation, le d\u00e9veloppement et la promotion des ouvrages, terrains, b\u00e2timents, installations, mat\u00e9riels, r\u00e9seaux et services n\u00e9cessaires au fonctionnement du port.\t\t\t\t\t<\/div>\n\t\t\t\t\n\t\t\t\t\t\t\t<\/div>\n\t\t\t\t\t\t<\/div>\n\t\t\t\t\t\t<\/div>\n\t\t\t\t<\/div>\n\t\t\t\t<div class=\"elementor-element elementor-element-9591164 elementor-cta--skin-cover elementor-widget elementor-widget-call-to-action\" data-id=\"9591164\" data-element_type=\"widget\" data-widget_type=\"call-to-action.default\">\n\t\t\t\t<div class=\"elementor-widget-container\">\n\t\t\t\t\t\t\t<div class=\"elementor-cta\">\n\t\t\t\t\t<div class=\"elementor-cta__bg-wrapper\">\n\t\t\t\t<div class=\"elementor-cta__bg elementor-bg\" style=\"background-image: url();\" role=\"img\" aria-label=\"\"><\/div>\n\t\t\t\t<div class=\"elementor-cta__bg-overlay\"><\/div>\n\t\t\t<\/div>\n\t\t\t\t\t\t\t<div class=\"elementor-cta__content\">\n\t\t\t\t\n\t\t\t\t\t\t\t\t\t<h3 class=\"elementor-cta__title elementor-cta__content-item elementor-content-item\">\n\t\t\t\t\t\tFavoriser\t\t\t\t\t<\/h3>\n\t\t\t\t\n\t\t\t\t\t\t\t\t\t<div class=\"elementor-cta__description elementor-cta__content-item elementor-content-item\">\n\t\t\t\t\t\tLe d\u00e9veloppement du trafic en r\u00e9pondant aux attentes de tous les op\u00e9rateurs et particuli\u00e8rement des compagnies maritimes.\n<br> \u00c0 ce titre, elle assure la promotion et la communication en partenariat avec l\u2019ensemble des compagnies maritimes, les acteurs de la communaut\u00e9 portuaire et les professionnels du transport et du tourisme insulaire. \n<br> Avec un positionnement g\u00e9ographique avantageux, notamment par une proximit\u00e9 avec les ports italiens du golfe de G\u00eanes et la Sardaigne, les 6 ports de commerce insulaires sont desservis par 5 compagnies r\u00e9guli\u00e8res et 12 connexions avec la France et l\u2019Italie accueillant ainsi chaque ann\u00e9e plus de 4 millions de passagers et 3,7 millions de tonnes de marchandises.\t\t\t\t\t<\/div>\n\t\t\t\t\n\t\t\t\t\t\t\t<\/div>\n\t\t\t\t\t\t<\/div>\n\t\t\t\t\t\t<\/div>\n\t\t\t\t<\/div>\n\t\t\t\t<div class=\"elementor-element elementor-element-82cf1a1 elementor-cta--skin-cover elementor-widget elementor-widget-call-to-action\" data-id=\"82cf1a1\" data-element_type=\"widget\" data-widget_type=\"call-to-action.default\">\n\t\t\t\t<div class=\"elementor-widget-container\">\n\t\t\t\t\t\t\t<div class=\"elementor-cta\">\n\t\t\t\t\t<div class=\"elementor-cta__bg-wrapper\">\n\t\t\t\t<div class=\"elementor-cta__bg elementor-bg\" style=\"background-image: url();\" role=\"img\" aria-label=\"\"><\/div>\n\t\t\t\t<div class=\"elementor-cta__bg-overlay\"><\/div>\n\t\t\t<\/div>\n\t\t\t\t\t\t\t<div class=\"elementor-cta__content\">\n\t\t\t\t\n\t\t\t\t\t\t\t\t\t<h3 class=\"elementor-cta__title elementor-cta__content-item elementor-content-item\">\n\t\t\t\t\t\tPr\u00e9parer l'avenir\t\t\t\t\t<\/h3>\n\t\t\t\t\n\t\t\t\t\t\t\t\t\t<div class=\"elementor-cta__description elementor-cta__content-item elementor-content-item\">\n\t\t\t\t\t\tEn \u00e9laborant des programmes d\u2019investissement \u00e0 partir des pr\u00e9visions de trafic et d\u2019\u00e9volution des flottes.<br>\nEn proposant des am\u00e9nagements nouveaux \u00e0 court terme.<br>\nEn travaillant sur des axes de d\u00e9veloppement : nouvelles lignes, nouveaux trafics, croisi\u00e8res\u2026\t\t\t\t\t<\/div>\n\t\t\t\t\n\t\t\t\t\t\t\t<\/div>\n\t\t\t\t\t\t<\/div>\n\t\t\t\t\t\t<\/div>\n\t\t\t\t<\/div>\n\t\t\t\t\t<\/div>\n\t\t\t\t<\/div>\n\t\t\t\t<\/div>","protected":false},"excerpt":{"rendered":"<p>Les 4 missions essentielles Accueillir La Chambre de Commerce et d&rsquo;Industrie de Corse n\u2019a de cesse d\u2019am\u00e9liorer les conditions d\u2019accueil des passagers et des v\u00e9hicules. Pour ce faire, elle organise la gestion des flux tant au niveau des v\u00e9hicules qu\u2019au niveau des passagers pi\u00e9tons. Pour cela, elle met en place des services, des infrastructures et [&hellip;]<\/p>\n","protected":false},"author":4,"featured_media":0,"parent":0,"menu_order":0,"comment_status":"closed","ping_status":"closed","template":"","meta":{"_acf_changed":false,"_seopress_robots_primary_cat":"","_seopress_titles_title":"","_seopress_titles_desc":"","_seopress_robots_index":"","footnotes":""},"type-de-page":[6],"class_list":["post-381","page","type-page","status-publish","hentry","type-de-page-page-sans-image"],"acf":[],"_links":{"self":[{"href":"https:\/\/propriano-port.cci.corsica\/en\/wp-json\/wp\/v2\/pages\/381","targetHints":{"allow":["GET"]}}],"collection":[{"href":"https:\/\/propriano-port.cci.corsica\/en\/wp-json\/wp\/v2\/pages"}],"about":[{"href":"https:\/\/propriano-port.cci.corsica\/en\/wp-json\/wp\/v2\/types\/page"}],"author":[{"embeddable":true,"href":"https:\/\/propriano-port.cci.corsica\/en\/wp-json\/wp\/v2\/users\/4"}],"replies":[{"embeddable":true,"href":"https:\/\/propriano-port.cci.corsica\/en\/wp-json\/wp\/v2\/comments?post=381"}],"version-history":[{"count":22,"href":"https:\/\/propriano-port.cci.corsica\/en\/wp-json\/wp\/v2\/pages\/381\/revisions"}],"predecessor-version":[{"id":987,"href":"https:\/\/propriano-port.cci.corsica\/en\/wp-json\/wp\/v2\/pages\/381\/revisions\/987"}],"wp:attachment":[{"href":"https:\/\/propriano-port.cci.corsica\/en\/wp-json\/wp\/v2\/media?parent=381"}],"wp:term":[{"taxonomy":"type-de-page","embeddable":true,"href":"https:\/\/propriano-port.cci.corsica\/en\/wp-json\/wp\/v2\/type-de-page?post=381"}],"curies":[{"name":"wp","href":"https:\/\/api.w.org\/{rel}","templated":true}]}}