{"id":358,"date":"2024-06-16T16:10:36","date_gmt":"2024-06-16T14:10:36","guid":{"rendered":"https:\/\/propriano-port.cci.corsica\/?page_id=358"},"modified":"2024-11-15T09:36:22","modified_gmt":"2024-11-15T08:36:22","slug":"infos-douanes","status":"publish","type":"page","link":"https:\/\/propriano-port.cci.corsica\/en\/infos-douanes\/","title":{"rendered":"Customs information"},"content":{"rendered":"<div data-elementor-type=\"wp-page\" data-elementor-id=\"358\" class=\"elementor elementor-358\" data-elementor-post-type=\"page\">\n\t\t\t\t<div class=\"elementor-element elementor-element-e71a9a6 e-flex e-con-boxed e-con e-parent\" data-id=\"e71a9a6\" data-element_type=\"container\">\n\t\t\t\t\t<div class=\"e-con-inner\">\n\t\t\t\t<div class=\"elementor-element elementor-element-4dc92f6 elementor-widget elementor-widget-text-editor\" data-id=\"4dc92f6\" data-element_type=\"widget\" data-widget_type=\"text-editor.default\">\n\t\t\t\t<div class=\"elementor-widget-container\">\n\t\t\t\t\t\t\t\t\t<p>Voyagez en toute tranquillit\u00e9 et s\u00e9curisez vos d\u00e9placements.<br \/>La douane vous informe des r\u00e8gles \u00e0 respecter :<\/p>\t\t\t\t\t\t\t\t<\/div>\n\t\t\t\t<\/div>\n\t\t<div class=\"elementor-element elementor-element-51559df e-grid e-con-boxed e-con e-child\" data-id=\"51559df\" data-element_type=\"container\">\n\t\t\t\t\t<div class=\"e-con-inner\">\n\t\t\t\t<div class=\"elementor-element elementor-element-95d2571 elementor-widget elementor-widget-button\" data-id=\"95d2571\" data-element_type=\"widget\" data-widget_type=\"button.default\">\n\t\t\t\t<div class=\"elementor-widget-container\">\n\t\t\t\t\t\t\t\t\t<div class=\"elementor-button-wrapper\">\n\t\t\t\t\t<a class=\"elementor-button elementor-button-link elementor-size-sm\" href=\"https:\/\/www.douane.gouv.fr\/fiche\/preparer-son-voyage-letranger-les-informations-indispensables\" target=\"_blank\">\n\t\t\t\t\t\t<span class=\"elementor-button-content-wrapper\">\n\t\t\t\t\t\t\t\t\t<span class=\"elementor-button-text\">Voyagez en toute tranquilit\u00e9<\/span>\n\t\t\t\t\t<\/span>\n\t\t\t\t\t<\/a>\n\t\t\t\t<\/div>\n\t\t\t\t\t\t\t\t<\/div>\n\t\t\t\t<\/div>\n\t\t\t\t<div class=\"elementor-element elementor-element-bccd94f elementor-widget elementor-widget-button\" data-id=\"bccd94f\" data-element_type=\"widget\" data-widget_type=\"button.default\">\n\t\t\t\t<div class=\"elementor-widget-container\">\n\t\t\t\t\t\t\t\t\t<div class=\"elementor-button-wrapper\">\n\t\t\t\t\t<a class=\"elementor-button elementor-button-link elementor-size-sm\" href=\"https:\/\/draaf.corse.agriculture.gouv.fr\/xylella-fastidiosa-en-corse-r36.html\" target=\"_blank\">\n\t\t\t\t\t\t<span class=\"elementor-button-content-wrapper\">\n\t\t\t\t\t\t\t\t\t<span class=\"elementor-button-text\"> Xylella fastidiosa <\/span>\n\t\t\t\t\t<\/span>\n\t\t\t\t\t<\/a>\n\t\t\t\t<\/div>\n\t\t\t\t\t\t\t\t<\/div>\n\t\t\t\t<\/div>\n\t\t\t\t\t<\/div>\n\t\t\t\t<\/div>\n\t\t\t\t\t<\/div>\n\t\t\t\t<\/div>\n\t\t<div class=\"elementor-element elementor-element-e1a37c2 e-flex e-con-boxed e-con e-parent\" data-id=\"e1a37c2\" data-element_type=\"container\">\n\t\t\t\t\t<div class=\"e-con-inner\">\n\t\t\t\t<div class=\"elementor-element elementor-element-9c57cc6 elementor-widget elementor-widget-text-editor\" data-id=\"9c57cc6\" data-element_type=\"widget\" data-widget_type=\"text-editor.default\">\n\t\t\t\t<div class=\"elementor-widget-container\">\n\t\t\t\t\t\t\t\t\t<p>L\u2019Administration des Douanes et Droits Indirects assure le contr\u00f4le des flux de voyageurs et de marchandises aux d\u00e9parts et aux arriv\u00e9es des navires et participe, dans le cadre du plan Vigipirate, \u00e0 la s\u00e9curisation des installations portuaires (et a\u00e9roportuaires). La Douane per\u00e7oit les droits de douane, les droits de port, la TIPP, diverses taxes et g\u00e8re en outre le secteur des contributions indirectes (viticulture, alcools, tabac, etc.)<\/p>\t\t\t\t\t\t\t\t<\/div>\n\t\t\t\t<\/div>\n\t\t\t\t<div class=\"elementor-element elementor-element-7bea260 elementor-widget elementor-widget-text-editor\" data-id=\"7bea260\" data-element_type=\"widget\" data-widget_type=\"text-editor.default\">\n\t\t\t\t<div class=\"elementor-widget-container\">\n\t\t\t\t\t\t\t\t\t<h3>Contact\u00a0<\/h3>\t\t\t\t\t\t\t\t<\/div>\n\t\t\t\t<\/div>\n\t\t\t\t<div class=\"elementor-element elementor-element-d5811a6 elementor-widget elementor-widget-button\" data-id=\"d5811a6\" data-element_type=\"widget\" data-widget_type=\"button.default\">\n\t\t\t\t<div class=\"elementor-widget-container\">\n\t\t\t\t\t\t\t\t\t<div class=\"elementor-button-wrapper\">\n\t\t\t\t\t<a class=\"elementor-button elementor-size-sm\" role=\"button\">\n\t\t\t\t\t\t<span class=\"elementor-button-content-wrapper\">\n\t\t\t\t\t\t\t\t\t<span class=\"elementor-button-text\">Pr\u00e9fecture de Corse<\/span>\n\t\t\t\t\t<\/span>\n\t\t\t\t\t<\/a>\n\t\t\t\t<\/div>\n\t\t\t\t\t\t\t\t<\/div>\n\t\t\t\t<\/div>\n\t\t\t\t\t<\/div>\n\t\t\t\t<\/div>\n\t\t\t\t<\/div>","protected":false},"excerpt":{"rendered":"<p>Voyagez en toute tranquillit\u00e9 et s\u00e9curisez vos d\u00e9placements.La douane vous informe des r\u00e8gles \u00e0 respecter : Voyagez en toute tranquilit\u00e9 Xylella fastidiosa L\u2019Administration des Douanes et Droits Indirects assure le contr\u00f4le des flux de voyageurs et de marchandises aux d\u00e9parts et aux arriv\u00e9es des navires et participe, dans le cadre du plan Vigipirate, \u00e0 la [&hellip;]<\/p>\n","protected":false},"author":4,"featured_media":0,"parent":0,"menu_order":0,"comment_status":"closed","ping_status":"closed","template":"","meta":{"_acf_changed":false,"_seopress_robots_primary_cat":"","_seopress_titles_title":"","_seopress_titles_desc":"","_seopress_robots_index":"","footnotes":""},"type-de-page":[6],"class_list":["post-358","page","type-page","status-publish","hentry","type-de-page-page-sans-image"],"acf":[],"_links":{"self":[{"href":"https:\/\/propriano-port.cci.corsica\/en\/wp-json\/wp\/v2\/pages\/358","targetHints":{"allow":["GET"]}}],"collection":[{"href":"https:\/\/propriano-port.cci.corsica\/en\/wp-json\/wp\/v2\/pages"}],"about":[{"href":"https:\/\/propriano-port.cci.corsica\/en\/wp-json\/wp\/v2\/types\/page"}],"author":[{"embeddable":true,"href":"https:\/\/propriano-port.cci.corsica\/en\/wp-json\/wp\/v2\/users\/4"}],"replies":[{"embeddable":true,"href":"https:\/\/propriano-port.cci.corsica\/en\/wp-json\/wp\/v2\/comments?post=358"}],"version-history":[{"count":7,"href":"https:\/\/propriano-port.cci.corsica\/en\/wp-json\/wp\/v2\/pages\/358\/revisions"}],"predecessor-version":[{"id":966,"href":"https:\/\/propriano-port.cci.corsica\/en\/wp-json\/wp\/v2\/pages\/358\/revisions\/966"}],"wp:attachment":[{"href":"https:\/\/propriano-port.cci.corsica\/en\/wp-json\/wp\/v2\/media?parent=358"}],"wp:term":[{"taxonomy":"type-de-page","embeddable":true,"href":"https:\/\/propriano-port.cci.corsica\/en\/wp-json\/wp\/v2\/type-de-page?post=358"}],"curies":[{"name":"wp","href":"https:\/\/api.w.org\/{rel}","templated":true}]}}